{"id":9265,"date":"2023-11-27T13:53:13","date_gmt":"2023-11-27T12:53:13","guid":{"rendered":"https:\/\/moor-reemploi.fr\/?page_id=9265"},"modified":"2023-11-29T10:58:29","modified_gmt":"2023-11-29T09:58:29","slug":"mentions-legales","status":"publish","type":"page","link":"https:\/\/moor-reemploi.fr\/?page_id=9265","title":{"rendered":"Mentions l\u00e9gales"},"content":{"rendered":"\t\t<div data-elementor-type=\"wp-page\" data-elementor-id=\"9265\" class=\"elementor elementor-9265\" data-elementor-post-type=\"page\">\n\t\t\t\t<div class=\"elementor-element elementor-element-a2ffad3 e-flex e-con-boxed e-con e-parent\" data-id=\"a2ffad3\" data-element_type=\"container\" data-e-type=\"container\">\n\t\t\t\t\t<div class=\"e-con-inner\">\n\t\t\t\t<div class=\"elementor-element elementor-element-2e263aa elementor-widget elementor-widget-heading\" data-id=\"2e263aa\" data-element_type=\"widget\" data-e-type=\"widget\" data-widget_type=\"heading.default\">\n\t\t\t\t<div class=\"elementor-widget-container\">\n\t\t\t\t\t<h1 class=\"elementor-heading-title elementor-size-default\">Mentions l\u00e9gales<\/h1>\t\t\t\t<\/div>\n\t\t\t\t<\/div>\n\t\t\t\t<div class=\"elementor-element elementor-element-cebc57a elementor-widget elementor-widget-text-editor\" data-id=\"cebc57a\" data-element_type=\"widget\" data-e-type=\"widget\" data-widget_type=\"text-editor.default\">\n\t\t\t\t<div class=\"elementor-widget-container\">\n\t\t\t\t\t\t\t\t\t<p>Conform\u00e9ment aux dispositions de la Loi n\u00b02004-575 du 21 juin 2004 pour la Confiance dans\u00a0<span style=\"color: var( --e-global-color-primary ); font-family: var( --e-global-typography-text-font-family ), Sans-serif; font-weight: var( --e-global-typography-text-font-weight ); text-align: var(--text-align);\">l\u2019\u00e9conomie num\u00e9rique, dite L.C.E.N., il est port\u00e9 \u00e0 la connaissance des Utilisateurs du site moor-<\/span><span style=\"color: var( --e-global-color-primary ); font-family: var( --e-global-typography-text-font-family ), Sans-serif; font-weight: var( --e-global-typography-text-font-weight ); text-align: var(--text-align);\">reemploi.fr les pr\u00e9sentes mentions l\u00e9gales. Ces derni\u00e8res sont accessibles sur le site \u00e0 la rubrique \u00ab<\/span><span style=\"color: var( --e-global-color-primary ); font-family: var( --e-global-typography-text-font-family ), Sans-serif; font-weight: var( --e-global-typography-text-font-weight ); text-align: var(--text-align);\">Mentions l\u00e9gales \u00bb.<\/span><\/p>\t\t\t\t\t\t\t\t<\/div>\n\t\t\t\t<\/div>\n\t\t\t\t\t<\/div>\n\t\t\t\t<\/div>\n\t\t<div class=\"elementor-element elementor-element-063e109 e-flex e-con-boxed e-con e-parent\" data-id=\"063e109\" data-element_type=\"container\" data-e-type=\"container\">\n\t\t\t\t\t<div class=\"e-con-inner\">\n\t\t\t\t<div class=\"elementor-element elementor-element-aadd457 elementor-widget elementor-widget-heading\" data-id=\"aadd457\" data-element_type=\"widget\" data-e-type=\"widget\" data-widget_type=\"heading.default\">\n\t\t\t\t<div class=\"elementor-widget-container\">\n\t\t\t\t\t<h3 class=\"elementor-heading-title elementor-size-default\">ARTICLE 1 : L\u2019\u00e9diteur<\/h3>\t\t\t\t<\/div>\n\t\t\t\t<\/div>\n\t\t\t\t<div class=\"elementor-element elementor-element-35d5e53 elementor-widget elementor-widget-text-editor\" data-id=\"35d5e53\" data-element_type=\"widget\" data-e-type=\"widget\" data-widget_type=\"text-editor.default\">\n\t\t\t\t<div class=\"elementor-widget-container\">\n\t\t\t\t\t\t\t\t\t<p>L\u2019\u00e9dition, la direction de la publication et la direction de la r\u00e9daction du site moor-reemploi.fr sont\u00a0<span style=\"color: var( --e-global-color-primary ); font-family: var( --e-global-typography-text-font-family ), Sans-serif; font-weight: var( --e-global-typography-text-font-weight ); text-align: var(--text-align);\">assur\u00e9es par Naomi SCHERER, entrepreneur individuel de la soci\u00e9t\u00e9 MOOR REEMPLOI.<\/span><\/p><p>Si\u00e8ge social : 586 Route de Jarnioux, 69640 PORTE DES PIERRES DOREES<\/p><p>Num\u00e9ro SIREN : 948300645<\/p><p>Num\u00e9ro de TVA Intracommunautaire : FR5948300645<\/p><p>Adresse email : naomis.moor@gmail.com.<\/p><p>T\u00e9l\u00e9phone : +33 6 49 75 85 58<\/p>\t\t\t\t\t\t\t\t<\/div>\n\t\t\t\t<\/div>\n\t\t\t\t\t<\/div>\n\t\t\t\t<\/div>\n\t\t<div class=\"elementor-element elementor-element-7c80012 e-flex e-con-boxed e-con e-parent\" data-id=\"7c80012\" data-element_type=\"container\" data-e-type=\"container\">\n\t\t\t\t\t<div class=\"e-con-inner\">\n\t\t\t\t<div class=\"elementor-element elementor-element-c1eff01 elementor-widget elementor-widget-heading\" data-id=\"c1eff01\" data-element_type=\"widget\" data-e-type=\"widget\" data-widget_type=\"heading.default\">\n\t\t\t\t<div class=\"elementor-widget-container\">\n\t\t\t\t\t<h3 class=\"elementor-heading-title elementor-size-default\">ARTICLE 2 : L\u2019h\u00e9bergeur<\/h3>\t\t\t\t<\/div>\n\t\t\t\t<\/div>\n\t\t\t\t<div class=\"elementor-element elementor-element-70e6bb9 elementor-widget elementor-widget-text-editor\" data-id=\"70e6bb9\" data-element_type=\"widget\" data-e-type=\"widget\" data-widget_type=\"text-editor.default\">\n\t\t\t\t<div class=\"elementor-widget-container\">\n\t\t\t\t\t\t\t\t\t<p>L\u2019h\u00e9bergeur du site moor-reemploi.fr est la Soci\u00e9t\u00e9 HOSTINGER INTERNATIONAL LTD.<\/p><p>Si\u00e8ge social : Lordou Vironos Street, 6023 LARNACA, (CHYPRE)<\/p><p>Site web : https:\/\/www.hostinger.com\/.<\/p>\t\t\t\t\t\t\t\t<\/div>\n\t\t\t\t<\/div>\n\t\t\t\t\t<\/div>\n\t\t\t\t<\/div>\n\t\t<div class=\"elementor-element elementor-element-cac6358 e-flex e-con-boxed e-con e-parent\" data-id=\"cac6358\" data-element_type=\"container\" data-e-type=\"container\">\n\t\t\t\t\t<div class=\"e-con-inner\">\n\t\t\t\t<div class=\"elementor-element elementor-element-f50239c elementor-widget elementor-widget-heading\" data-id=\"f50239c\" data-element_type=\"widget\" data-e-type=\"widget\" data-widget_type=\"heading.default\">\n\t\t\t\t<div class=\"elementor-widget-container\">\n\t\t\t\t\t<h3 class=\"elementor-heading-title elementor-size-default\">ARTICLE 3 : Acc\u00e8s au site<\/h3>\t\t\t\t<\/div>\n\t\t\t\t<\/div>\n\t\t\t\t<div class=\"elementor-element elementor-element-0857926 elementor-widget elementor-widget-text-editor\" data-id=\"0857926\" data-element_type=\"widget\" data-e-type=\"widget\" data-widget_type=\"text-editor.default\">\n\t\t\t\t<div class=\"elementor-widget-container\">\n\t\t\t\t\t\t\t\t\t<p>L\u2019Utilisateur acc\u00e8de au site moor-remploi.fr par Internet avec le support compatible de son choix. Tous&nbsp;<span style=\"color: var( --e-global-color-primary ); font-family: var( --e-global-typography-text-font-family ), Sans-serif; font-weight: var( --e-global-typography-text-font-weight ); text-align: var(--text-align);\">les frais associ\u00e9s \u00e0 la connexion sont \u00e0 sa charge.<\/span><\/p>\n<p>Le site moor-reemploi.fr ne saurait \u00eatre tenu responsable en cas de modification, interruption ou&nbsp;<span style=\"color: var( --e-global-color-primary ); font-family: var( --e-global-typography-text-font-family ), Sans-serif; font-weight: var( --e-global-typography-text-font-weight ); text-align: var(--text-align);\">suspension des services.<\/span><\/p>\t\t\t\t\t\t\t\t<\/div>\n\t\t\t\t<\/div>\n\t\t\t\t\t<\/div>\n\t\t\t\t<\/div>\n\t\t<div class=\"elementor-element elementor-element-0227212 e-flex e-con-boxed e-con e-parent\" data-id=\"0227212\" data-element_type=\"container\" data-e-type=\"container\">\n\t\t\t\t\t<div class=\"e-con-inner\">\n\t\t\t\t<div class=\"elementor-element elementor-element-3c37e9c elementor-widget elementor-widget-heading\" data-id=\"3c37e9c\" data-element_type=\"widget\" data-e-type=\"widget\" data-widget_type=\"heading.default\">\n\t\t\t\t<div class=\"elementor-widget-container\">\n\t\t\t\t\t<h3 class=\"elementor-heading-title elementor-size-default\">ARTICLE 4 : Propri\u00e9t\u00e9 intellectuelle<\/h3>\t\t\t\t<\/div>\n\t\t\t\t<\/div>\n\t\t\t\t<div class=\"elementor-element elementor-element-b90dd90 elementor-widget elementor-widget-text-editor\" data-id=\"b90dd90\" data-element_type=\"widget\" data-e-type=\"widget\" data-widget_type=\"text-editor.default\">\n\t\t\t\t<div class=\"elementor-widget-container\">\n\t\t\t\t\t\t\t\t\t<p>Cr\u00e9dits photographies et visuels : https:\/\/unsplash.com\/fr<br><\/p>\n<p>Toute utilisation, reproduction, diffusion, commercialisation, modification de toute ou partie du site&nbsp;<span style=\"color: var( --e-global-color-primary ); font-family: var( --e-global-typography-text-font-family ), Sans-serif; font-weight: var( --e-global-typography-text-font-weight ); text-align: var(--text-align);\">moor-reemploi.fr, sans autorisation de l\u2019Editeur est prohib\u00e9e et pourra entra\u00eener des actions et&nbsp;<\/span><span style=\"color: var( --e-global-color-primary ); font-family: var( --e-global-typography-text-font-family ), Sans-serif; font-weight: var( --e-global-typography-text-font-weight ); text-align: var(--text-align);\">poursuites judiciaires telles que notamment pr\u00e9vues par le Code de la propri\u00e9t\u00e9 intellectuelle et le&nbsp;<\/span><span style=\"color: var( --e-global-color-primary ); font-family: var( --e-global-typography-text-font-family ), Sans-serif; font-weight: var( --e-global-typography-text-font-weight ); text-align: var(--text-align);\">Code civil.<\/span><\/p>\t\t\t\t\t\t\t\t<\/div>\n\t\t\t\t<\/div>\n\t\t\t\t\t<\/div>\n\t\t\t\t<\/div>\n\t\t\t\t<\/div>\n\t\t","protected":false},"excerpt":{"rendered":"<p>Mentions l\u00e9gales Conform\u00e9ment aux dispositions de la Loi n\u00b02004-575 du 21 juin 2004 pour la Confiance dans\u00a0l\u2019\u00e9conomie num\u00e9rique, dite L.C.E.N., il est port\u00e9 \u00e0 la connaissance des Utilisateurs du site moor-reemploi.fr les pr\u00e9sentes mentions l\u00e9gales. Ces derni\u00e8res sont accessibles sur le site \u00e0 la rubrique \u00abMentions l\u00e9gales \u00bb. ARTICLE 1 : L\u2019\u00e9diteur L\u2019\u00e9dition, la direction &hellip; <\/p>\n<p class=\"link-more\"><a href=\"https:\/\/moor-reemploi.fr\/?page_id=9265\" class=\"more-link\">Read more<span class=\"screen-reader-text\"> &#8220;Mentions l\u00e9gales&#8221;<\/span><\/a><\/p>\n","protected":false},"author":1,"featured_media":0,"parent":0,"menu_order":0,"comment_status":"closed","ping_status":"closed","template":"","meta":{"_monsterinsights_skip_tracking":false,"_monsterinsights_sitenote_active":false,"_monsterinsights_sitenote_note":"","_monsterinsights_sitenote_category":0,"inspiro_hide_title":false,"footnotes":""},"class_list":["post-9265","page","type-page","status-publish","hentry"],"yoast_head":"<!-- This site is optimized with the Yoast SEO plugin v27.5 - https:\/\/yoast.com\/product\/yoast-seo-wordpress\/ -->\n<title>Mentions l\u00e9gales | Une r\u00e9ponse \u00e0 une architecture durable pour aider notre plan\u00e8te<\/title>\n<meta name=\"robots\" content=\"index, follow, max-snippet:-1, max-image-preview:large, max-video-preview:-1\" \/>\n<link rel=\"canonical\" href=\"https:\/\/moor-reemploi.fr\/?page_id=9265\" \/>\n<meta property=\"og:locale\" content=\"en_US\" \/>\n<meta property=\"og:type\" content=\"article\" \/>\n<meta property=\"og:title\" content=\"Mentions l\u00e9gales | Une r\u00e9ponse \u00e0 une architecture durable pour aider notre plan\u00e8te\" \/>\n<meta property=\"og:description\" content=\"Mentions l\u00e9gales Conform\u00e9ment aux dispositions de la Loi n\u00b02004-575 du 21 juin 2004 pour la Confiance dans\u00a0l\u2019\u00e9conomie num\u00e9rique, dite L.C.E.N., il est port\u00e9 \u00e0 la connaissance des Utilisateurs du site moor-reemploi.fr les pr\u00e9sentes mentions l\u00e9gales. Ces derni\u00e8res sont accessibles sur le site \u00e0 la rubrique \u00abMentions l\u00e9gales \u00bb. ARTICLE 1 : L\u2019\u00e9diteur L\u2019\u00e9dition, la direction &hellip; Read more &quot;Mentions l\u00e9gales&quot;\" \/>\n<meta property=\"og:url\" content=\"https:\/\/moor-reemploi.fr\/?page_id=9265\" \/>\n<meta property=\"og:site_name\" content=\"Une r\u00e9ponse \u00e0 une architecture durable pour aider notre plan\u00e8te\" \/>\n<meta property=\"article:modified_time\" content=\"2023-11-29T09:58:29+00:00\" \/>\n<meta property=\"og:image\" content=\"https:\/\/moor-reemploi.fr\/wp-content\/uploads\/2023\/10\/home-office-decor-ideas-1611764047-1.jpg\" \/>\n\t<meta property=\"og:image:width\" content=\"2048\" \/>\n\t<meta property=\"og:image:height\" content=\"1365\" \/>\n\t<meta property=\"og:image:type\" content=\"image\/jpeg\" \/>\n<meta name=\"twitter:card\" content=\"summary_large_image\" \/>\n<meta name=\"twitter:label1\" content=\"Est. reading time\" \/>\n\t<meta name=\"twitter:data1\" content=\"1 minute\" \/>\n<script type=\"application\/ld+json\" class=\"yoast-schema-graph\">{\"@context\":\"https:\\\/\\\/schema.org\",\"@graph\":[{\"@type\":\"WebPage\",\"@id\":\"https:\\\/\\\/moor-reemploi.fr\\\/?page_id=9265\",\"url\":\"https:\\\/\\\/moor-reemploi.fr\\\/?page_id=9265\",\"name\":\"Mentions l\u00e9gales | Une r\u00e9ponse \u00e0 une architecture durable pour aider notre plan\u00e8te\",\"isPartOf\":{\"@id\":\"https:\\\/\\\/moor-reemploi.fr\\\/#website\"},\"datePublished\":\"2023-11-27T12:53:13+00:00\",\"dateModified\":\"2023-11-29T09:58:29+00:00\",\"breadcrumb\":{\"@id\":\"https:\\\/\\\/moor-reemploi.fr\\\/?page_id=9265#breadcrumb\"},\"inLanguage\":\"en-US\",\"potentialAction\":[{\"@type\":\"ReadAction\",\"target\":[\"https:\\\/\\\/moor-reemploi.fr\\\/?page_id=9265\"]}]},{\"@type\":\"BreadcrumbList\",\"@id\":\"https:\\\/\\\/moor-reemploi.fr\\\/?page_id=9265#breadcrumb\",\"itemListElement\":[{\"@type\":\"ListItem\",\"position\":1,\"name\":\"Moor-R\u00e9emlpoi\",\"item\":\"https:\\\/\\\/moor-reemploi.fr\\\/\"},{\"@type\":\"ListItem\",\"position\":2,\"name\":\"Mentions l\u00e9gales\"}]},{\"@type\":\"WebSite\",\"@id\":\"https:\\\/\\\/moor-reemploi.fr\\\/#website\",\"url\":\"https:\\\/\\\/moor-reemploi.fr\\\/\",\"name\":\"Moor-R\u00e9emploi - L'\u00e9conomie Circulaire devient plus simple \u00e0 g\u00e9rer\",\"description\":\"\",\"publisher\":{\"@id\":\"https:\\\/\\\/moor-reemploi.fr\\\/#organization\"},\"alternateName\":\"Premier courtier de mat\u00e9riaux de r\u00e9emploi pour r\u00e9duire l\u2019impact carbone de petits chantiers\",\"potentialAction\":[{\"@type\":\"SearchAction\",\"target\":{\"@type\":\"EntryPoint\",\"urlTemplate\":\"https:\\\/\\\/moor-reemploi.fr\\\/?s={search_term_string}\"},\"query-input\":{\"@type\":\"PropertyValueSpecification\",\"valueRequired\":true,\"valueName\":\"search_term_string\"}}],\"inLanguage\":\"en-US\"},{\"@type\":\"Organization\",\"@id\":\"https:\\\/\\\/moor-reemploi.fr\\\/#organization\",\"name\":\"Moor R\u00e9emploi\",\"url\":\"https:\\\/\\\/moor-reemploi.fr\\\/\",\"logo\":{\"@type\":\"ImageObject\",\"inLanguage\":\"en-US\",\"@id\":\"https:\\\/\\\/moor-reemploi.fr\\\/#\\\/schema\\\/logo\\\/image\\\/\",\"url\":\"https:\\\/\\\/moor-reemploi.fr\\\/wp-content\\\/uploads\\\/2023\\\/09\\\/logotype-moor-5.png\",\"contentUrl\":\"https:\\\/\\\/moor-reemploi.fr\\\/wp-content\\\/uploads\\\/2023\\\/09\\\/logotype-moor-5.png\",\"width\":1909,\"height\":449,\"caption\":\"Moor R\u00e9emploi\"},\"image\":{\"@id\":\"https:\\\/\\\/moor-reemploi.fr\\\/#\\\/schema\\\/logo\\\/image\\\/\"},\"sameAs\":[\"https:\\\/\\\/www.instagram.com\\\/moor.reemploi\\\/\",\"https:\\\/\\\/www.linkedin.com\\\/company\\\/moor-r\u00e9emploi\\\/\"]}]}<\/script>\n<!-- \/ Yoast SEO plugin. -->","yoast_head_json":{"title":"Mentions l\u00e9gales | Une r\u00e9ponse \u00e0 une architecture durable pour aider notre plan\u00e8te","robots":{"index":"index","follow":"follow","max-snippet":"max-snippet:-1","max-image-preview":"max-image-preview:large","max-video-preview":"max-video-preview:-1"},"canonical":"https:\/\/moor-reemploi.fr\/?page_id=9265","og_locale":"en_US","og_type":"article","og_title":"Mentions l\u00e9gales | Une r\u00e9ponse \u00e0 une architecture durable pour aider notre plan\u00e8te","og_description":"Mentions l\u00e9gales Conform\u00e9ment aux dispositions de la Loi n\u00b02004-575 du 21 juin 2004 pour la Confiance dans\u00a0l\u2019\u00e9conomie num\u00e9rique, dite L.C.E.N., il est port\u00e9 \u00e0 la connaissance des Utilisateurs du site moor-reemploi.fr les pr\u00e9sentes mentions l\u00e9gales. Ces derni\u00e8res sont accessibles sur le site \u00e0 la rubrique \u00abMentions l\u00e9gales \u00bb. ARTICLE 1 : L\u2019\u00e9diteur L\u2019\u00e9dition, la direction &hellip; Read more \"Mentions l\u00e9gales\"","og_url":"https:\/\/moor-reemploi.fr\/?page_id=9265","og_site_name":"Une r\u00e9ponse \u00e0 une architecture durable pour aider notre plan\u00e8te","article_modified_time":"2023-11-29T09:58:29+00:00","og_image":[{"width":2048,"height":1365,"url":"https:\/\/moor-reemploi.fr\/wp-content\/uploads\/2023\/10\/home-office-decor-ideas-1611764047-1.jpg","type":"image\/jpeg"}],"twitter_card":"summary_large_image","twitter_misc":{"Est. reading time":"1 minute"},"schema":{"@context":"https:\/\/schema.org","@graph":[{"@type":"WebPage","@id":"https:\/\/moor-reemploi.fr\/?page_id=9265","url":"https:\/\/moor-reemploi.fr\/?page_id=9265","name":"Mentions l\u00e9gales | Une r\u00e9ponse \u00e0 une architecture durable pour aider notre plan\u00e8te","isPartOf":{"@id":"https:\/\/moor-reemploi.fr\/#website"},"datePublished":"2023-11-27T12:53:13+00:00","dateModified":"2023-11-29T09:58:29+00:00","breadcrumb":{"@id":"https:\/\/moor-reemploi.fr\/?page_id=9265#breadcrumb"},"inLanguage":"en-US","potentialAction":[{"@type":"ReadAction","target":["https:\/\/moor-reemploi.fr\/?page_id=9265"]}]},{"@type":"BreadcrumbList","@id":"https:\/\/moor-reemploi.fr\/?page_id=9265#breadcrumb","itemListElement":[{"@type":"ListItem","position":1,"name":"Moor-R\u00e9emlpoi","item":"https:\/\/moor-reemploi.fr\/"},{"@type":"ListItem","position":2,"name":"Mentions l\u00e9gales"}]},{"@type":"WebSite","@id":"https:\/\/moor-reemploi.fr\/#website","url":"https:\/\/moor-reemploi.fr\/","name":"Moor-R\u00e9emploi - L'\u00e9conomie Circulaire devient plus simple \u00e0 g\u00e9rer","description":"","publisher":{"@id":"https:\/\/moor-reemploi.fr\/#organization"},"alternateName":"Premier courtier de mat\u00e9riaux de r\u00e9emploi pour r\u00e9duire l\u2019impact carbone de petits chantiers","potentialAction":[{"@type":"SearchAction","target":{"@type":"EntryPoint","urlTemplate":"https:\/\/moor-reemploi.fr\/?s={search_term_string}"},"query-input":{"@type":"PropertyValueSpecification","valueRequired":true,"valueName":"search_term_string"}}],"inLanguage":"en-US"},{"@type":"Organization","@id":"https:\/\/moor-reemploi.fr\/#organization","name":"Moor R\u00e9emploi","url":"https:\/\/moor-reemploi.fr\/","logo":{"@type":"ImageObject","inLanguage":"en-US","@id":"https:\/\/moor-reemploi.fr\/#\/schema\/logo\/image\/","url":"https:\/\/moor-reemploi.fr\/wp-content\/uploads\/2023\/09\/logotype-moor-5.png","contentUrl":"https:\/\/moor-reemploi.fr\/wp-content\/uploads\/2023\/09\/logotype-moor-5.png","width":1909,"height":449,"caption":"Moor R\u00e9emploi"},"image":{"@id":"https:\/\/moor-reemploi.fr\/#\/schema\/logo\/image\/"},"sameAs":["https:\/\/www.instagram.com\/moor.reemploi\/","https:\/\/www.linkedin.com\/company\/moor-r\u00e9emploi\/"]}]}},"featured_media_urls":[],"_links":{"self":[{"href":"https:\/\/moor-reemploi.fr\/index.php?rest_route=\/wp\/v2\/pages\/9265","targetHints":{"allow":["GET"]}}],"collection":[{"href":"https:\/\/moor-reemploi.fr\/index.php?rest_route=\/wp\/v2\/pages"}],"about":[{"href":"https:\/\/moor-reemploi.fr\/index.php?rest_route=\/wp\/v2\/types\/page"}],"author":[{"embeddable":true,"href":"https:\/\/moor-reemploi.fr\/index.php?rest_route=\/wp\/v2\/users\/1"}],"replies":[{"embeddable":true,"href":"https:\/\/moor-reemploi.fr\/index.php?rest_route=%2Fwp%2Fv2%2Fcomments&post=9265"}],"version-history":[{"count":10,"href":"https:\/\/moor-reemploi.fr\/index.php?rest_route=\/wp\/v2\/pages\/9265\/revisions"}],"predecessor-version":[{"id":9428,"href":"https:\/\/moor-reemploi.fr\/index.php?rest_route=\/wp\/v2\/pages\/9265\/revisions\/9428"}],"wp:attachment":[{"href":"https:\/\/moor-reemploi.fr\/index.php?rest_route=%2Fwp%2Fv2%2Fmedia&parent=9265"}],"curies":[{"name":"wp","href":"https:\/\/api.w.org\/{rel}","templated":true}]}}