{"id":5592,"date":"2016-12-05T09:17:34","date_gmt":"2016-12-05T08:17:34","guid":{"rendered":"http:\/\/demo.wpzoom.com\/inspiro\/?page_id=5592"},"modified":"2023-09-25T13:08:08","modified_gmt":"2023-09-25T11:08:08","slug":"leconomiecirculaire","status":"publish","type":"page","link":"https:\/\/moor-reemploi.fr\/?page_id=5592","title":{"rendered":"L&#8217;\u00e9conomie circulaire"},"content":{"rendered":"\t\t<div data-elementor-type=\"wp-page\" data-elementor-id=\"5592\" class=\"elementor elementor-5592\" data-elementor-post-type=\"page\">\n\t\t\t\t<div class=\"elementor-element elementor-element-b721341 e-flex e-con-boxed e-con e-parent\" data-id=\"b721341\" data-element_type=\"container\" data-e-type=\"container\">\n\t\t\t\t\t<div class=\"e-con-inner\">\n\t\t\t\t<div class=\"elementor-element elementor-element-33acea8 elementor-grid-2 elementor-grid-tablet-2 elementor-grid-mobile-1 elementor-posts--thumbnail-top elementor-card-shadow-yes elementor-posts__hover-gradient elementor-widget elementor-widget-posts\" data-id=\"33acea8\" data-element_type=\"widget\" data-e-type=\"widget\" data-settings=\"{&quot;cards_columns&quot;:&quot;2&quot;,&quot;cards_columns_tablet&quot;:&quot;2&quot;,&quot;cards_columns_mobile&quot;:&quot;1&quot;,&quot;cards_row_gap&quot;:{&quot;unit&quot;:&quot;px&quot;,&quot;size&quot;:35,&quot;sizes&quot;:[]},&quot;cards_row_gap_tablet&quot;:{&quot;unit&quot;:&quot;px&quot;,&quot;size&quot;:&quot;&quot;,&quot;sizes&quot;:[]},&quot;cards_row_gap_mobile&quot;:{&quot;unit&quot;:&quot;px&quot;,&quot;size&quot;:&quot;&quot;,&quot;sizes&quot;:[]}}\" data-widget_type=\"posts.cards\">\n\t\t\t\t<div class=\"elementor-widget-container\">\n\t\t\t\t\t\t\t<div class=\"elementor-posts-container elementor-posts elementor-posts--skin-cards elementor-grid\" role=\"list\">\n\t\t\t\t<article class=\"elementor-post elementor-grid-item post-9568 post type-post status-publish format-standard hentry category-blog tag-biosources tag-materiaux-ecologiques tag-materiaux-reemploi tag-sourcing-des-materiaux\" role=\"listitem\">\n\t\t\t<div class=\"elementor-post__card\">\n\t\t\t\t<div class=\"elementor-post__text\">\n\t\t\t\t<h3 class=\"elementor-post__title\">\n\t\t\t<a href=\"https:\/\/moor-reemploi.fr\/?p=9568\" >\n\t\t\t\tQu&#8217;est-ce que c&#8217;est un Courtier de Mat\u00e9riaux de r\u00e9emploi ?\t\t\t<\/a>\n\t\t<\/h3>\n\t\t\t\t<div class=\"elementor-post__excerpt\">\n\t\t\t\t\t<\/div>\n\t\t\n\t\t<a class=\"elementor-post__read-more\" href=\"https:\/\/moor-reemploi.fr\/?p=9568\" aria-label=\"Read more about Qu&#8217;est-ce que c&#8217;est un Courtier de Mat\u00e9riaux de r\u00e9emploi ?\" tabindex=\"-1\" >\n\t\t\tEN SAVOIR PLUS\t\t<\/a>\n\n\t\t\t\t<\/div>\n\t\t\t\t\t<\/div>\n\t\t<\/article>\n\t\t\t\t<article class=\"elementor-post elementor-grid-item post-9436 post type-post status-publish format-standard has-post-thumbnail hentry category-general tag-elements tag-lorem tag-sample\" role=\"listitem\">\n\t\t\t<div class=\"elementor-post__card\">\n\t\t\t\t<a class=\"elementor-post__thumbnail__link\" href=\"https:\/\/moor-reemploi.fr\/?p=9436\" tabindex=\"-1\" ><div class=\"elementor-post__thumbnail\"><img fetchpriority=\"high\" decoding=\"async\" width=\"300\" height=\"212\" src=\"https:\/\/moor-reemploi.fr\/wp-content\/uploads\/2023\/09\/Reemploi-In-situ-300x212.jpg\" class=\"attachment-medium size-medium wp-image-9440\" alt=\"\" srcset=\"https:\/\/moor-reemploi.fr\/wp-content\/uploads\/2023\/09\/Reemploi-In-situ-300x212.jpg 300w, https:\/\/moor-reemploi.fr\/wp-content\/uploads\/2023\/09\/Reemploi-In-situ-1024x724.jpg 1024w, https:\/\/moor-reemploi.fr\/wp-content\/uploads\/2023\/09\/Reemploi-In-situ-768x543.jpg 768w, https:\/\/moor-reemploi.fr\/wp-content\/uploads\/2023\/09\/Reemploi-In-situ-1536x1086.jpg 1536w, https:\/\/moor-reemploi.fr\/wp-content\/uploads\/2023\/09\/Reemploi-In-situ-600x424.jpg 600w, https:\/\/moor-reemploi.fr\/wp-content\/uploads\/2023\/09\/Reemploi-In-situ-1200x848.jpg 1200w, https:\/\/moor-reemploi.fr\/wp-content\/uploads\/2023\/09\/Reemploi-In-situ.jpg 2000w\" sizes=\"100vw\" \/><\/div><\/a>\n\t\t\t\t<div class=\"elementor-post__badge\">General<\/div>\n\t\t\t\t<div class=\"elementor-post__text\">\n\t\t\t\t<h3 class=\"elementor-post__title\">\n\t\t\t<a href=\"https:\/\/moor-reemploi.fr\/?p=9436\" >\n\t\t\t\tR\u00e9emploi ex-situ VS r\u00e9emploi in-situ : Comprendre les nuances dans le secteur du b\u00e2timent en France\t\t\t<\/a>\n\t\t<\/h3>\n\t\t\t\t<div class=\"elementor-post__excerpt\">\n\t\t\t<p>Le r\u00e9emploi de mat\u00e9riaux de construction gagne en popularit\u00e9 en France, avec une attention particuli\u00e8re port\u00e9e sur deux approches distinctes : le r\u00e9emploi ex-situ et<\/p>\n\t\t<\/div>\n\t\t\n\t\t<a class=\"elementor-post__read-more\" href=\"https:\/\/moor-reemploi.fr\/?p=9436\" aria-label=\"Read more about R\u00e9emploi ex-situ VS r\u00e9emploi in-situ : Comprendre les nuances dans le secteur du b\u00e2timent en France\" tabindex=\"-1\" >\n\t\t\tEN SAVOIR PLUS\t\t<\/a>\n\n\t\t\t\t<\/div>\n\t\t\t\t\t<\/div>\n\t\t<\/article>\n\t\t\t\t<article class=\"elementor-post elementor-grid-item post-8267 post type-post status-publish format-standard has-post-thumbnail hentry category-general tag-elements tag-lorem tag-sample\" role=\"listitem\">\n\t\t\t<div class=\"elementor-post__card\">\n\t\t\t\t<a class=\"elementor-post__thumbnail__link\" href=\"https:\/\/moor-reemploi.fr\/?p=8267\" tabindex=\"-1\" ><div class=\"elementor-post__thumbnail\"><img decoding=\"async\" width=\"300\" height=\"200\" src=\"https:\/\/moor-reemploi.fr\/wp-content\/uploads\/2023\/08\/beautiful-living-room-architecture-new-home-constr-2022-11-12-10-55-48-utc-300x200.jpg\" class=\"attachment-medium size-medium wp-image-7052\" alt=\"\" srcset=\"https:\/\/moor-reemploi.fr\/wp-content\/uploads\/2023\/08\/beautiful-living-room-architecture-new-home-constr-2022-11-12-10-55-48-utc-300x200.jpg 300w, https:\/\/moor-reemploi.fr\/wp-content\/uploads\/2023\/08\/beautiful-living-room-architecture-new-home-constr-2022-11-12-10-55-48-utc-1024x683.jpg 1024w, https:\/\/moor-reemploi.fr\/wp-content\/uploads\/2023\/08\/beautiful-living-room-architecture-new-home-constr-2022-11-12-10-55-48-utc-768x512.jpg 768w, https:\/\/moor-reemploi.fr\/wp-content\/uploads\/2023\/08\/beautiful-living-room-architecture-new-home-constr-2022-11-12-10-55-48-utc-1536x1024.jpg 1536w, https:\/\/moor-reemploi.fr\/wp-content\/uploads\/2023\/08\/beautiful-living-room-architecture-new-home-constr-2022-11-12-10-55-48-utc-2048x1366.jpg 2048w, https:\/\/moor-reemploi.fr\/wp-content\/uploads\/2023\/08\/beautiful-living-room-architecture-new-home-constr-2022-11-12-10-55-48-utc-2000x1334.jpg 2000w, https:\/\/moor-reemploi.fr\/wp-content\/uploads\/2023\/08\/beautiful-living-room-architecture-new-home-constr-2022-11-12-10-55-48-utc-600x400.jpg 600w, https:\/\/moor-reemploi.fr\/wp-content\/uploads\/2023\/08\/beautiful-living-room-architecture-new-home-constr-2022-11-12-10-55-48-utc-1200x800.jpg 1200w\" sizes=\"100vw\" \/><\/div><\/a>\n\t\t\t\t<div class=\"elementor-post__badge\">General<\/div>\n\t\t\t\t<div class=\"elementor-post__text\">\n\t\t\t\t<h3 class=\"elementor-post__title\">\n\t\t\t<a href=\"https:\/\/moor-reemploi.fr\/?p=8267\" >\n\t\t\t\tRecyclage, r\u00e9emploi, r\u00e9utilisation, quelles diff\u00e9rences ?\t\t\t<\/a>\n\t\t<\/h3>\n\t\t\t\t<div class=\"elementor-post__excerpt\">\n\t\t\t<p>Parmi les solutions de l\u2019\u00e9conomie circulaire, Moor R\u00e9emploi a choisi d\u2019en placer 3 au c\u0153ur de son m\u00e9tier: recyclage, r\u00e9emploi, r\u00e9utilisation, mais quelles est la<\/p>\n\t\t<\/div>\n\t\t\n\t\t<a class=\"elementor-post__read-more\" href=\"https:\/\/moor-reemploi.fr\/?p=8267\" aria-label=\"Read more about Recyclage, r\u00e9emploi, r\u00e9utilisation, quelles diff\u00e9rences ?\" tabindex=\"-1\" >\n\t\t\tEN SAVOIR PLUS\t\t<\/a>\n\n\t\t\t\t<\/div>\n\t\t\t\t\t<\/div>\n\t\t<\/article>\n\t\t\t\t<article class=\"elementor-post elementor-grid-item post-5984 post type-post status-publish format-standard has-post-thumbnail hentry category-landscapes\" role=\"listitem\">\n\t\t\t<div class=\"elementor-post__card\">\n\t\t\t\t<a class=\"elementor-post__thumbnail__link\" href=\"https:\/\/moor-reemploi.fr\/?p=5984\" tabindex=\"-1\" ><div class=\"elementor-post__thumbnail\"><img decoding=\"async\" width=\"267\" height=\"300\" src=\"https:\/\/moor-reemploi.fr\/wp-content\/uploads\/2023\/08\/modern-living-room-interior-home-interior-scandi-2022-10-13-20-44-51-utc-267x300.jpg\" class=\"attachment-medium size-medium wp-image-6927\" alt=\"\" srcset=\"https:\/\/moor-reemploi.fr\/wp-content\/uploads\/2023\/08\/modern-living-room-interior-home-interior-scandi-2022-10-13-20-44-51-utc-267x300.jpg 267w, https:\/\/moor-reemploi.fr\/wp-content\/uploads\/2023\/08\/modern-living-room-interior-home-interior-scandi-2022-10-13-20-44-51-utc-910x1024.jpg 910w, https:\/\/moor-reemploi.fr\/wp-content\/uploads\/2023\/08\/modern-living-room-interior-home-interior-scandi-2022-10-13-20-44-51-utc-768x864.jpg 768w, https:\/\/moor-reemploi.fr\/wp-content\/uploads\/2023\/08\/modern-living-room-interior-home-interior-scandi-2022-10-13-20-44-51-utc-1365x1536.jpg 1365w, https:\/\/moor-reemploi.fr\/wp-content\/uploads\/2023\/08\/modern-living-room-interior-home-interior-scandi-2022-10-13-20-44-51-utc-1820x2048.jpg 1820w, https:\/\/moor-reemploi.fr\/wp-content\/uploads\/2023\/08\/modern-living-room-interior-home-interior-scandi-2022-10-13-20-44-51-utc-2000x2250.jpg 2000w, https:\/\/moor-reemploi.fr\/wp-content\/uploads\/2023\/08\/modern-living-room-interior-home-interior-scandi-2022-10-13-20-44-51-utc-600x675.jpg 600w, https:\/\/moor-reemploi.fr\/wp-content\/uploads\/2023\/08\/modern-living-room-interior-home-interior-scandi-2022-10-13-20-44-51-utc-1200x1350.jpg 1200w\" sizes=\"100vw\" \/><\/div><\/a>\n\t\t\t\t<div class=\"elementor-post__badge\">Landscapes<\/div>\n\t\t\t\t<div class=\"elementor-post__text\">\n\t\t\t\t<h3 class=\"elementor-post__title\">\n\t\t\t<a href=\"https:\/\/moor-reemploi.fr\/?p=5984\" >\n\t\t\t\tQu&#8217;est-ce que l&#8217;\u00e9conomie circulaire?\t\t\t<\/a>\n\t\t<\/h3>\n\t\t\t\t<div class=\"elementor-post__excerpt\">\n\t\t\t<p>Qu&#8217;est-ce que l&#8217;\u00e9conomie circulaire ? Nous vivons dans un monde o\u00f9 un mat\u00e9riau, avant d\u2019\u00eatre utilis\u00e9 passe par l\u2019extraction de sa\/ses mati\u00e8re\/s premi\u00e8re\/s, on&nbsp;utilise de<\/p>\n\t\t<\/div>\n\t\t\n\t\t<a class=\"elementor-post__read-more\" href=\"https:\/\/moor-reemploi.fr\/?p=5984\" aria-label=\"Read more about Qu&#8217;est-ce que l&#8217;\u00e9conomie circulaire?\" tabindex=\"-1\" >\n\t\t\tEN SAVOIR PLUS\t\t<\/a>\n\n\t\t\t\t<\/div>\n\t\t\t\t\t<\/div>\n\t\t<\/article>\n\t\t\t\t<\/div>\n\t\t\n\t\t\t\t\t\t<\/div>\n\t\t\t\t<\/div>\n\t\t\t\t\t<\/div>\n\t\t\t\t<\/div>\n\t\t\t\t<\/div>\n\t\t","protected":false},"excerpt":{"rendered":"","protected":false},"author":1,"featured_media":0,"parent":0,"menu_order":0,"comment_status":"closed","ping_status":"closed","template":"page-templates\/full-width-no-title.php","meta":{"_monsterinsights_skip_tracking":false,"_monsterinsights_sitenote_active":false,"_monsterinsights_sitenote_note":"","_monsterinsights_sitenote_category":0,"inspiro_hide_title":false,"footnotes":""},"class_list":["post-5592","page","type-page","status-publish","hentry"],"yoast_head":"<!-- This site is optimized with the Yoast SEO plugin v27.5 - https:\/\/yoast.com\/product\/yoast-seo-wordpress\/ -->\n<title>L&#039;\u00e9conomie circulaire | Une r\u00e9ponse \u00e0 une architecture durable pour aider notre plan\u00e8te<\/title>\n<meta name=\"robots\" content=\"index, follow, max-snippet:-1, max-image-preview:large, max-video-preview:-1\" \/>\n<link rel=\"canonical\" href=\"https:\/\/moor-reemploi.fr\/?page_id=5592\" \/>\n<meta property=\"og:locale\" content=\"en_US\" \/>\n<meta property=\"og:type\" content=\"article\" \/>\n<meta property=\"og:title\" content=\"L&#039;\u00e9conomie circulaire | Une r\u00e9ponse \u00e0 une architecture durable pour aider notre plan\u00e8te\" \/>\n<meta property=\"og:url\" content=\"https:\/\/moor-reemploi.fr\/?page_id=5592\" \/>\n<meta property=\"og:site_name\" content=\"Une r\u00e9ponse \u00e0 une architecture durable pour aider notre plan\u00e8te\" \/>\n<meta property=\"article:modified_time\" content=\"2023-09-25T11:08:08+00:00\" \/>\n<meta property=\"og:image\" content=\"https:\/\/moor-reemploi.fr\/wp-content\/uploads\/2023\/10\/home-office-decor-ideas-1611764047-1.jpg\" \/>\n\t<meta property=\"og:image:width\" content=\"2048\" \/>\n\t<meta property=\"og:image:height\" content=\"1365\" \/>\n\t<meta property=\"og:image:type\" content=\"image\/jpeg\" \/>\n<meta name=\"twitter:card\" content=\"summary_large_image\" \/>\n<meta name=\"twitter:label1\" content=\"Est. reading time\" \/>\n\t<meta name=\"twitter:data1\" content=\"3 minutes\" \/>\n<script type=\"application\/ld+json\" class=\"yoast-schema-graph\">{\"@context\":\"https:\\\/\\\/schema.org\",\"@graph\":[{\"@type\":\"WebPage\",\"@id\":\"https:\\\/\\\/moor-reemploi.fr\\\/?page_id=5592\",\"url\":\"https:\\\/\\\/moor-reemploi.fr\\\/?page_id=5592\",\"name\":\"L'\u00e9conomie circulaire | Une r\u00e9ponse \u00e0 une architecture durable pour aider notre plan\u00e8te\",\"isPartOf\":{\"@id\":\"https:\\\/\\\/moor-reemploi.fr\\\/#website\"},\"datePublished\":\"2016-12-05T08:17:34+00:00\",\"dateModified\":\"2023-09-25T11:08:08+00:00\",\"breadcrumb\":{\"@id\":\"https:\\\/\\\/moor-reemploi.fr\\\/?page_id=5592#breadcrumb\"},\"inLanguage\":\"en-US\",\"potentialAction\":[{\"@type\":\"ReadAction\",\"target\":[\"https:\\\/\\\/moor-reemploi.fr\\\/?page_id=5592\"]}]},{\"@type\":\"BreadcrumbList\",\"@id\":\"https:\\\/\\\/moor-reemploi.fr\\\/?page_id=5592#breadcrumb\",\"itemListElement\":[{\"@type\":\"ListItem\",\"position\":1,\"name\":\"Moor-R\u00e9emlpoi\",\"item\":\"https:\\\/\\\/moor-reemploi.fr\\\/\"},{\"@type\":\"ListItem\",\"position\":2,\"name\":\"L&rsquo;\u00e9conomie circulaire\"}]},{\"@type\":\"WebSite\",\"@id\":\"https:\\\/\\\/moor-reemploi.fr\\\/#website\",\"url\":\"https:\\\/\\\/moor-reemploi.fr\\\/\",\"name\":\"Moor-R\u00e9emploi - L'\u00e9conomie Circulaire devient plus simple \u00e0 g\u00e9rer\",\"description\":\"\",\"publisher\":{\"@id\":\"https:\\\/\\\/moor-reemploi.fr\\\/#organization\"},\"alternateName\":\"Premier courtier de mat\u00e9riaux de r\u00e9emploi pour r\u00e9duire l\u2019impact carbone de petits chantiers\",\"potentialAction\":[{\"@type\":\"SearchAction\",\"target\":{\"@type\":\"EntryPoint\",\"urlTemplate\":\"https:\\\/\\\/moor-reemploi.fr\\\/?s={search_term_string}\"},\"query-input\":{\"@type\":\"PropertyValueSpecification\",\"valueRequired\":true,\"valueName\":\"search_term_string\"}}],\"inLanguage\":\"en-US\"},{\"@type\":\"Organization\",\"@id\":\"https:\\\/\\\/moor-reemploi.fr\\\/#organization\",\"name\":\"Moor R\u00e9emploi\",\"url\":\"https:\\\/\\\/moor-reemploi.fr\\\/\",\"logo\":{\"@type\":\"ImageObject\",\"inLanguage\":\"en-US\",\"@id\":\"https:\\\/\\\/moor-reemploi.fr\\\/#\\\/schema\\\/logo\\\/image\\\/\",\"url\":\"https:\\\/\\\/moor-reemploi.fr\\\/wp-content\\\/uploads\\\/2023\\\/09\\\/logotype-moor-5.png\",\"contentUrl\":\"https:\\\/\\\/moor-reemploi.fr\\\/wp-content\\\/uploads\\\/2023\\\/09\\\/logotype-moor-5.png\",\"width\":1909,\"height\":449,\"caption\":\"Moor R\u00e9emploi\"},\"image\":{\"@id\":\"https:\\\/\\\/moor-reemploi.fr\\\/#\\\/schema\\\/logo\\\/image\\\/\"},\"sameAs\":[\"https:\\\/\\\/www.instagram.com\\\/moor.reemploi\\\/\",\"https:\\\/\\\/www.linkedin.com\\\/company\\\/moor-r\u00e9emploi\\\/\"]}]}<\/script>\n<!-- \/ Yoast SEO plugin. -->","yoast_head_json":{"title":"L'\u00e9conomie circulaire | Une r\u00e9ponse \u00e0 une architecture durable pour aider notre plan\u00e8te","robots":{"index":"index","follow":"follow","max-snippet":"max-snippet:-1","max-image-preview":"max-image-preview:large","max-video-preview":"max-video-preview:-1"},"canonical":"https:\/\/moor-reemploi.fr\/?page_id=5592","og_locale":"en_US","og_type":"article","og_title":"L'\u00e9conomie circulaire | Une r\u00e9ponse \u00e0 une architecture durable pour aider notre plan\u00e8te","og_url":"https:\/\/moor-reemploi.fr\/?page_id=5592","og_site_name":"Une r\u00e9ponse \u00e0 une architecture durable pour aider notre plan\u00e8te","article_modified_time":"2023-09-25T11:08:08+00:00","og_image":[{"width":2048,"height":1365,"url":"https:\/\/moor-reemploi.fr\/wp-content\/uploads\/2023\/10\/home-office-decor-ideas-1611764047-1.jpg","type":"image\/jpeg"}],"twitter_card":"summary_large_image","twitter_misc":{"Est. reading time":"3 minutes"},"schema":{"@context":"https:\/\/schema.org","@graph":[{"@type":"WebPage","@id":"https:\/\/moor-reemploi.fr\/?page_id=5592","url":"https:\/\/moor-reemploi.fr\/?page_id=5592","name":"L'\u00e9conomie circulaire | Une r\u00e9ponse \u00e0 une architecture durable pour aider notre plan\u00e8te","isPartOf":{"@id":"https:\/\/moor-reemploi.fr\/#website"},"datePublished":"2016-12-05T08:17:34+00:00","dateModified":"2023-09-25T11:08:08+00:00","breadcrumb":{"@id":"https:\/\/moor-reemploi.fr\/?page_id=5592#breadcrumb"},"inLanguage":"en-US","potentialAction":[{"@type":"ReadAction","target":["https:\/\/moor-reemploi.fr\/?page_id=5592"]}]},{"@type":"BreadcrumbList","@id":"https:\/\/moor-reemploi.fr\/?page_id=5592#breadcrumb","itemListElement":[{"@type":"ListItem","position":1,"name":"Moor-R\u00e9emlpoi","item":"https:\/\/moor-reemploi.fr\/"},{"@type":"ListItem","position":2,"name":"L&rsquo;\u00e9conomie circulaire"}]},{"@type":"WebSite","@id":"https:\/\/moor-reemploi.fr\/#website","url":"https:\/\/moor-reemploi.fr\/","name":"Moor-R\u00e9emploi - L'\u00e9conomie Circulaire devient plus simple \u00e0 g\u00e9rer","description":"","publisher":{"@id":"https:\/\/moor-reemploi.fr\/#organization"},"alternateName":"Premier courtier de mat\u00e9riaux de r\u00e9emploi pour r\u00e9duire l\u2019impact carbone de petits chantiers","potentialAction":[{"@type":"SearchAction","target":{"@type":"EntryPoint","urlTemplate":"https:\/\/moor-reemploi.fr\/?s={search_term_string}"},"query-input":{"@type":"PropertyValueSpecification","valueRequired":true,"valueName":"search_term_string"}}],"inLanguage":"en-US"},{"@type":"Organization","@id":"https:\/\/moor-reemploi.fr\/#organization","name":"Moor R\u00e9emploi","url":"https:\/\/moor-reemploi.fr\/","logo":{"@type":"ImageObject","inLanguage":"en-US","@id":"https:\/\/moor-reemploi.fr\/#\/schema\/logo\/image\/","url":"https:\/\/moor-reemploi.fr\/wp-content\/uploads\/2023\/09\/logotype-moor-5.png","contentUrl":"https:\/\/moor-reemploi.fr\/wp-content\/uploads\/2023\/09\/logotype-moor-5.png","width":1909,"height":449,"caption":"Moor R\u00e9emploi"},"image":{"@id":"https:\/\/moor-reemploi.fr\/#\/schema\/logo\/image\/"},"sameAs":["https:\/\/www.instagram.com\/moor.reemploi\/","https:\/\/www.linkedin.com\/company\/moor-r\u00e9emploi\/"]}]}},"featured_media_urls":[],"_links":{"self":[{"href":"https:\/\/moor-reemploi.fr\/index.php?rest_route=\/wp\/v2\/pages\/5592","targetHints":{"allow":["GET"]}}],"collection":[{"href":"https:\/\/moor-reemploi.fr\/index.php?rest_route=\/wp\/v2\/pages"}],"about":[{"href":"https:\/\/moor-reemploi.fr\/index.php?rest_route=\/wp\/v2\/types\/page"}],"author":[{"embeddable":true,"href":"https:\/\/moor-reemploi.fr\/index.php?rest_route=\/wp\/v2\/users\/1"}],"replies":[{"embeddable":true,"href":"https:\/\/moor-reemploi.fr\/index.php?rest_route=%2Fwp%2Fv2%2Fcomments&post=5592"}],"version-history":[{"count":413,"href":"https:\/\/moor-reemploi.fr\/index.php?rest_route=\/wp\/v2\/pages\/5592\/revisions"}],"predecessor-version":[{"id":8705,"href":"https:\/\/moor-reemploi.fr\/index.php?rest_route=\/wp\/v2\/pages\/5592\/revisions\/8705"}],"wp:attachment":[{"href":"https:\/\/moor-reemploi.fr\/index.php?rest_route=%2Fwp%2Fv2%2Fmedia&parent=5592"}],"curies":[{"name":"wp","href":"https:\/\/api.w.org\/{rel}","templated":true}]}}